{"id":1467,"date":"2020-06-25T16:25:02","date_gmt":"2020-06-25T16:25:02","guid":{"rendered":"https:\/\/hotelnefeli.com\/impressum-nefeli\/"},"modified":"2024-04-09T07:30:07","modified_gmt":"2024-04-09T07:30:07","slug":"impressum-nefeli","status":"publish","type":"page","link":"https:\/\/hotelnefeli.com\/de\/impressum-nefeli\/","title":{"rendered":"Impressum"},"content":{"rendered":"&#13;\n<h3 class=\"wp-block-heading\">Legal notice<\/h3>&#13;\n<p>\u00a0<\/p>&#13;\n<p>Nefeli Hotel<\/p>&#13;\n<p>Dafnila-Kommeno<br \/>\nKorfu, Griechenland<\/p>\n<p>Phone: +30 2661 09103<br \/>\nEmail: <a href=\"mailto:info@hotelnefeli.com\">info@hotelnefeli.com<\/a><\/p>\n\r\n\r\n\r\n\r\n\r\n\r\n&#13;\n<p>Unternehmensgegenstand: Hotelindustrie<br\/>UID Nummer: EL094294102<br\/>Firmenbuchnummer: AB0000<br\/>Firmenbuchgericht: Korfu<\/p>&#13;\n\r\n\r\n\r\n\r\n&#13;\n<p><strong>Konzept, Design, Programming<\/strong><br\/><a href=\"http:\/\/www.doumaindesign.de\">doumaindesign.de<\/a><br\/>Email: hello@doumaindesign.de<\/p>&#13;\n<p><strong>Bildrechte<\/strong><br\/>Frosso Moraiti<br\/>Eddie Kastamonits<br\/>Michalis Merianos<br\/>Maria Zerva<\/p>&#13;\n<p><strong>Rechtsbelehrung und Urheberrecht<\/strong><br\/>Das Verwenden oder die Vervielf\u00e4ltigung von Informationen und Daten z.B. (Zeichnungen, Bilder, Texte) bedarf einer ausdr\u00fccklichen vorherigen schriftlichen Genehmigung bzw. Zustimmung des Herausgebers. Die Informationen sowie Angaben auf unserer Webseite wurden sorgf\u00e4ltig gepr\u00fcft und recherchiert. Diese stellen allerdings nur einen Service dar und ersetzen nicht eine pers\u00f6nliche Beratung! F\u00fcr Aktualit\u00e4t, Richtigkeit und Vollst\u00e4ndigkeit \u00fcbernimmt der Herausgeber keinerlei Haftung. Im \u00dcbrigen ist die Haftung auf Vorsatz und grobe Fahrl\u00e4ssigkeit beschr\u00e4nkt. Das Recht, \u00c4nderungen und Erg\u00e4nzungen an den bereitgestellten Informationen vorzunehmen, beh\u00e4lt sich der Herausgeber ausdr\u00fccklich vor.<\/p>&#13;\n<p><strong>Haftungshinweis f\u00fcr Inhalte dieser Seite<\/strong><br\/>Wir entwickeln die Inhalte dieser Webseite st\u00e4ndig weiter und bem\u00fchen uns korrekte und aktuelle Informationen bereitzustellen. Leider k\u00f6nnen wir keine Haftung f\u00fcr die Korrektheit aller Inhalte auf dieser Webseite \u00fcbernehmen, speziell f\u00fcr jene die seitens Dritter bereitgestellt wird. Sollten Ihnen problematische oder rechtswidrige Inhalte auffallen, bitte wir Sie uns umgehend zu kontaktieren, Sie finden die Kontaktdaten im Impressum.<strong>Haftungshinweis f\u00fcr Links auf dieser Seite<br\/>Unsere Webseite enth\u00e4lt Links zu anderen Webseiten f\u00fcr deren Inhalt wir nicht verantwortlich sind. Wenn Ihnen rechtswidrige Links auf unserer Webseite auffallen, bitte wir Sie uns zu kontaktieren, Sie finden die Kontaktdaten im Impressum.<\/strong><\/p>&#13;\n<p><strong>Datenschutz<\/strong><br\/>nformationen zum Datenschutz finden Sie in unserer Datenschutzerkl\u00e4rung.<\/p>&#13;\n","protected":false},"excerpt":{"rendered":"<p>&#13; Legal notice &#13; \u00a0 &#13; Nefeli Hotel &#13; Dafnila-Kommeno Korfu, Griechenland Phone: +30 2661 09103 Email: info@hotelnefeli.com &#13; Unternehmensgegenstand: HotelindustrieUID Nummer: EL094294102Firmenbuchnummer: AB0000Firmenbuchgericht: Korfu &#13; &#13; Konzept, Design, Programmingdoumaindesign.deEmail: hello@doumaindesign.de &#13; BildrechteFrosso MoraitiEddie KastamonitsMichalis MerianosMaria Zerva &#13; Rechtsbelehrung und &hellip; <a href=\"https:\/\/hotelnefeli.com\/de\/impressum-nefeli\/\">Read More<\/a><\/p>\n","protected":false},"author":1,"featured_media":0,"parent":0,"menu_order":56,"comment_status":"closed","ping_status":"open","template":"","meta":{"footnotes":""},"class_list":["post-1467","page","type-page","status-publish","hentry"],"_links":{"self":[{"href":"https:\/\/hotelnefeli.com\/de\/wp-json\/wp\/v2\/pages\/1467","targetHints":{"allow":["GET"]}}],"collection":[{"href":"https:\/\/hotelnefeli.com\/de\/wp-json\/wp\/v2\/pages"}],"about":[{"href":"https:\/\/hotelnefeli.com\/de\/wp-json\/wp\/v2\/types\/page"}],"author":[{"embeddable":true,"href":"https:\/\/hotelnefeli.com\/de\/wp-json\/wp\/v2\/users\/1"}],"replies":[{"embeddable":true,"href":"https:\/\/hotelnefeli.com\/de\/wp-json\/wp\/v2\/comments?post=1467"}],"version-history":[{"count":10,"href":"https:\/\/hotelnefeli.com\/de\/wp-json\/wp\/v2\/pages\/1467\/revisions"}],"predecessor-version":[{"id":3289,"href":"https:\/\/hotelnefeli.com\/de\/wp-json\/wp\/v2\/pages\/1467\/revisions\/3289"}],"wp:attachment":[{"href":"https:\/\/hotelnefeli.com\/de\/wp-json\/wp\/v2\/media?parent=1467"}],"curies":[{"name":"wp","href":"https:\/\/api.w.org\/{rel}","templated":true}]}}