{"id":1501,"date":"2020-06-26T13:21:31","date_gmt":"2020-06-26T13:21:31","guid":{"rendered":"https:\/\/hotelnefeli.com\/garten\/"},"modified":"2022-08-30T10:39:42","modified_gmt":"2022-08-30T10:39:42","slug":"garten","status":"publish","type":"page","link":"https:\/\/hotelnefeli.com\/de\/garten\/","title":{"rendered":"Garten"},"content":{"rendered":"\t\t<div data-elementor-type=\"wp-post\" data-elementor-id=\"1501\" class=\"elementor elementor-1501 elementor-1099\">\n\t\t\t\t\t\t<section class=\"elementor-section elementor-top-section elementor-element elementor-element-6229ba4 elementor-section-full_width elementor-section-height-min-height elementor-section-height-default elementor-section-items-middle\" data-id=\"6229ba4\" data-element_type=\"section\" data-e-type=\"section\" data-settings=\"{&quot;background_background&quot;:&quot;classic&quot;}\">\n\t\t\t\t\t\t\t<div class=\"elementor-background-overlay\"><\/div>\n\t\t\t\t\t\t\t<div class=\"elementor-container elementor-column-gap-default\">\n\t\t\t\t\t<div class=\"elementor-column elementor-col-100 elementor-top-column elementor-element elementor-element-1f66876d\" data-id=\"1f66876d\" data-element_type=\"column\" data-e-type=\"column\">\n\t\t\t<div class=\"elementor-widget-wrap elementor-element-populated\">\n\t\t\t\t\t\t<div class=\"elementor-element elementor-element-68d1557 elementor-widget elementor-widget-spacer\" data-id=\"68d1557\" data-element_type=\"widget\" data-e-type=\"widget\" data-widget_type=\"spacer.default\">\n\t\t\t\t<div class=\"elementor-widget-container\">\n\t\t\t\t\t\t\t<div class=\"elementor-spacer\">\n\t\t\t<div class=\"elementor-spacer-inner\"><\/div>\n\t\t<\/div>\n\t\t\t\t\t\t<\/div>\n\t\t\t\t<\/div>\n\t\t\t\t<div class=\"elementor-element elementor-element-321bcc27 elementor-view-default elementor-position-top elementor-invisible elementor-widget elementor-widget-themo-header\" data-id=\"321bcc27\" data-element_type=\"widget\" data-e-type=\"widget\" data-settings=\"{&quot;_animation&quot;:&quot;fadeIn&quot;}\" data-widget_type=\"themo-header.default\">\n\t\t\t\t<div class=\"elementor-widget-container\">\n\t\t\t\t\t\t\t<div class=\"th-header-wrap\">\n        <div class=\"elementor-icon-box-wrapper \">\n                            <div class=\"elementor-icon-box-content\">\n                    <h1 class=\"elementor-icon-box-title\">\n                        IM EINKLANG MIT DER NATUR                    <\/h1>\n                                        <p class=\"elementor-icon-box-description\"><\/p>\n\n                                    <\/div>\n            <\/div>\n\n        <\/div>\n\n\t\t\t\t\t\t<\/div>\n\t\t\t\t<\/div>\n\t\t\t\t\t<\/div>\n\t\t<\/div>\n\t\t\t\t\t<\/div>\n\t\t<\/section>\n\t\t\t\t<section class=\"elementor-section elementor-top-section elementor-element elementor-element-51204c8d elementor-section-boxed elementor-section-height-default elementor-section-height-default\" data-id=\"51204c8d\" data-element_type=\"section\" data-e-type=\"section\" data-settings=\"{&quot;background_background&quot;:&quot;classic&quot;}\">\n\t\t\t\t\t\t<div class=\"elementor-container elementor-column-gap-default\">\n\t\t\t\t\t<div class=\"elementor-column elementor-col-100 elementor-top-column elementor-element elementor-element-50ec539c\" data-id=\"50ec539c\" data-element_type=\"column\" data-e-type=\"column\">\n\t\t\t<div class=\"elementor-widget-wrap elementor-element-populated\">\n\t\t\t\t\t\t<div class=\"elementor-element elementor-element-183c3c17 elementor-widget elementor-widget-spacer\" data-id=\"183c3c17\" data-element_type=\"widget\" data-e-type=\"widget\" data-widget_type=\"spacer.default\">\n\t\t\t\t<div class=\"elementor-widget-container\">\n\t\t\t\t\t\t\t<div class=\"elementor-spacer\">\n\t\t\t<div class=\"elementor-spacer-inner\"><\/div>\n\t\t<\/div>\n\t\t\t\t\t\t<\/div>\n\t\t\t\t<\/div>\n\t\t\t\t<div class=\"elementor-element elementor-element-63297780 elementor-view-default elementor-position-top elementor-widget elementor-widget-themo-header\" data-id=\"63297780\" data-element_type=\"widget\" data-e-type=\"widget\" data-widget_type=\"themo-header.default\">\n\t\t\t\t<div class=\"elementor-widget-container\">\n\t\t\t\t\t\t\t<div class=\"th-header-wrap\">\n        <div class=\"elementor-icon-box-wrapper \">\n                            <div class=\"elementor-icon-box-content\">\n                    <h2 class=\"elementor-icon-box-title\">\n                        GROSSER GARTEN                    <\/h2>\n                                            <span class=\"th-header-divider\"><\/span>\n                                        <p class=\"elementor-icon-box-description\">In unserem Garten mit Liegest\u00fchlen und Lounge-M\u00f6beln k\u00f6nnen Sie so richtig entspannen.<\/p>\n\n                                    <\/div>\n            <\/div>\n\n        <\/div>\n\n\t\t\t\t\t\t<\/div>\n\t\t\t\t<\/div>\n\t\t\t\t<div class=\"elementor-element elementor-element-40b9772e elementor-widget elementor-widget-spacer\" data-id=\"40b9772e\" data-element_type=\"widget\" data-e-type=\"widget\" data-widget_type=\"spacer.default\">\n\t\t\t\t<div class=\"elementor-widget-container\">\n\t\t\t\t\t\t\t<div class=\"elementor-spacer\">\n\t\t\t<div class=\"elementor-spacer-inner\"><\/div>\n\t\t<\/div>\n\t\t\t\t\t\t<\/div>\n\t\t\t\t<\/div>\n\t\t\t\t\t<\/div>\n\t\t<\/div>\n\t\t\t\t\t<\/div>\n\t\t<\/section>\n\t\t\t\t<section class=\"elementor-section elementor-top-section elementor-element elementor-element-1b770e10 elementor-section-full_width elementor-section-height-default elementor-section-height-default\" data-id=\"1b770e10\" data-element_type=\"section\" data-e-type=\"section\">\n\t\t\t\t\t\t<div class=\"elementor-container elementor-column-gap-no\">\n\t\t\t\t\t<div class=\"elementor-column elementor-col-100 elementor-top-column elementor-element elementor-element-7b4a8f61\" data-id=\"7b4a8f61\" data-element_type=\"column\" data-e-type=\"column\">\n\t\t\t<div class=\"elementor-widget-wrap elementor-element-populated\">\n\t\t\t\t\t\t<div class=\"elementor-element elementor-element-5787e23e elementor-arrows-position-inside elementor-widget elementor-widget-image-carousel\" data-id=\"5787e23e\" data-element_type=\"widget\" data-e-type=\"widget\" data-settings=\"{&quot;slides_to_show&quot;:&quot;4&quot;,&quot;navigation&quot;:&quot;arrows&quot;,&quot;speed&quot;:300,&quot;autoplay&quot;:&quot;yes&quot;,&quot;pause_on_hover&quot;:&quot;yes&quot;,&quot;pause_on_interaction&quot;:&quot;yes&quot;,&quot;autoplay_speed&quot;:5000,&quot;infinite&quot;:&quot;yes&quot;}\" data-widget_type=\"image-carousel.default\">\n\t\t\t\t<div class=\"elementor-widget-container\">\n\t\t\t\t\t\t\t<div class=\"elementor-image-carousel-wrapper swiper\" role=\"region\" aria-roledescription=\"carousel\" aria-label=\"Bild Karussell\" dir=\"ltr\">\n\t\t\t<div class=\"elementor-image-carousel swiper-wrapper swiper-image-stretch\" aria-live=\"off\">\n\t\t\t\t\t\t\t\t<div class=\"swiper-slide\" role=\"group\" aria-roledescription=\"slide\" aria-label=\"1 von 5\"><figure class=\"swiper-slide-inner\"><img decoding=\"async\" class=\"swiper-slide-image\" src=\"https:\/\/hotelnefeli.com\/wp-content\/uploads\/2021\/01\/hotelnefeli-garten-kinder-394x263.jpg\" alt=\"garden-children-food\" \/><\/figure><\/div><div class=\"swiper-slide\" role=\"group\" aria-roledescription=\"slide\" aria-label=\"2 von 5\"><figure class=\"swiper-slide-inner\"><img decoding=\"async\" class=\"swiper-slide-image\" src=\"https:\/\/hotelnefeli.com\/wp-content\/uploads\/2021\/01\/hotelnefeli-garten-pool-baueme-394x263.jpg\" alt=\"garden-pool-trees-chairs\" \/><\/figure><\/div><div class=\"swiper-slide\" role=\"group\" aria-roledescription=\"slide\" aria-label=\"3 von 5\"><figure class=\"swiper-slide-inner\"><img decoding=\"async\" class=\"swiper-slide-image\" src=\"https:\/\/hotelnefeli.com\/wp-content\/uploads\/2021\/01\/hotelnefeli-panorama-hotelanlage-394x263.jpg\" alt=\"hotelnefeli-panorama-hotel-complex-pool\" \/><\/figure><\/div><div class=\"swiper-slide\" role=\"group\" aria-roledescription=\"slide\" aria-label=\"4 von 5\"><figure class=\"swiper-slide-inner\"><img decoding=\"async\" class=\"swiper-slide-image\" src=\"https:\/\/hotelnefeli.com\/wp-content\/uploads\/2021\/01\/hotelnefeli-garten-kinder-tablet-394x263.jpg\" alt=\"garden-children-tablet-dog\" \/><\/figure><\/div><div class=\"swiper-slide\" role=\"group\" aria-roledescription=\"slide\" aria-label=\"5 von 5\"><figure class=\"swiper-slide-inner\"><img decoding=\"async\" class=\"swiper-slide-image\" src=\"https:\/\/hotelnefeli.com\/wp-content\/uploads\/2020\/03\/hotelnefeli-haengematte-garten-394x263.jpg\" alt=\"hotelnefeli-hammock-garden\" \/><\/figure><\/div>\t\t\t<\/div>\n\t\t\t\t\t\t\t\t\t\t\t\t<div class=\"elementor-swiper-button elementor-swiper-button-prev\" role=\"button\" tabindex=\"0\">\n\t\t\t\t\t\t<i aria-hidden=\"true\" class=\"eicon-chevron-left\"><\/i>\t\t\t\t\t<\/div>\n\t\t\t\t\t<div class=\"elementor-swiper-button elementor-swiper-button-next\" role=\"button\" tabindex=\"0\">\n\t\t\t\t\t\t<i aria-hidden=\"true\" class=\"eicon-chevron-right\"><\/i>\t\t\t\t\t<\/div>\n\t\t\t\t\n\t\t\t\t\t\t\t\t\t<\/div>\n\t\t\t\t\t\t<\/div>\n\t\t\t\t<\/div>\n\t\t\t\t\t<\/div>\n\t\t<\/div>\n\t\t\t\t\t<\/div>\n\t\t<\/section>\n\t\t\t\t<section class=\"elementor-section elementor-top-section elementor-element elementor-element-683a3372 elementor-section-boxed elementor-section-height-default elementor-section-height-default\" data-id=\"683a3372\" data-element_type=\"section\" data-e-type=\"section\" data-settings=\"{&quot;background_background&quot;:&quot;classic&quot;}\">\n\t\t\t\t\t\t<div class=\"elementor-container elementor-column-gap-default\">\n\t\t\t\t\t<div class=\"elementor-column elementor-col-100 elementor-top-column elementor-element elementor-element-64458584\" data-id=\"64458584\" data-element_type=\"column\" data-e-type=\"column\">\n\t\t\t<div class=\"elementor-widget-wrap elementor-element-populated\">\n\t\t\t\t\t\t<div class=\"elementor-element elementor-element-4d5905fe elementor-view-default elementor-position-top elementor-widget elementor-widget-themo-header\" data-id=\"4d5905fe\" data-element_type=\"widget\" data-e-type=\"widget\" data-widget_type=\"themo-header.default\">\n\t\t\t\t<div class=\"elementor-widget-container\">\n\t\t\t\t\t\t\t<div class=\"th-header-wrap\">\n        <div class=\"elementor-icon-box-wrapper \">\n                            <div class=\"elementor-icon-box-content\">\n                    <h2 class=\"elementor-icon-box-title\">\n                        AUF EINEN BLICK                    <\/h2>\n                                        <p class=\"elementor-icon-box-description\"><\/p>\n\n                                    <\/div>\n            <\/div>\n\n        <\/div>\n\n\t\t\t\t\t\t<\/div>\n\t\t\t\t<\/div>\n\t\t\t\t<div class=\"elementor-element elementor-element-7a5ce144 elementor-widget elementor-widget-spacer\" data-id=\"7a5ce144\" data-element_type=\"widget\" data-e-type=\"widget\" data-widget_type=\"spacer.default\">\n\t\t\t\t<div class=\"elementor-widget-container\">\n\t\t\t\t\t\t\t<div class=\"elementor-spacer\">\n\t\t\t<div class=\"elementor-spacer-inner\"><\/div>\n\t\t<\/div>\n\t\t\t\t\t\t<\/div>\n\t\t\t\t<\/div>\n\t\t\t\t<section class=\"elementor-section elementor-inner-section elementor-element elementor-element-47de9021 elementor-section-boxed elementor-section-height-default elementor-section-height-default\" data-id=\"47de9021\" data-element_type=\"section\" data-e-type=\"section\">\n\t\t\t\t\t\t<div class=\"elementor-container elementor-column-gap-wider\">\n\t\t\t\t\t<div class=\"elementor-column elementor-col-50 elementor-inner-column elementor-element elementor-element-7128c6b0\" data-id=\"7128c6b0\" data-element_type=\"column\" data-e-type=\"column\">\n\t\t\t<div class=\"elementor-widget-wrap elementor-element-populated\">\n\t\t\t\t\t\t<div class=\"elementor-element elementor-element-205159c1 elementor-position-left elementor-view-default elementor-widget elementor-widget-themo-service-block\" data-id=\"205159c1\" data-element_type=\"widget\" data-e-type=\"widget\" data-widget_type=\"themo-service-block.default\">\n\t\t\t\t<div class=\"elementor-widget-container\">\n\t\t\t\t\t\t\t<div class=\"th-service-block-w\">\n            <div class=\"elementor-icon-box-wrapper th-show-icon\">\n                                    <div class=\"elementor-icon-box-icon th-icon-size-sm\">\n                        <span class=\"elementor-icon \" >\n                                                    <\/span>\n                    <\/div>\n                                <div class=\"elementor-icon-box-content\">\n                    <h5 class=\"elementor-icon-box-title\">\n                        <span >Gartenwelt<\/span>\n                    <\/h5>\n                    <p class=\"elementor-icon-box-description\">Die weitl\u00e4ufige park\u00e4hnliche Gartenanlage bietet viele Ruhezonen und ist mit all ihren exotischen Pflanzen ein wahres Paradies.<\/p>\n                <\/div>\n            <\/div>\n\n        <\/div>\n\n\t\t\t\t\t\t<\/div>\n\t\t\t\t<\/div>\n\t\t\t\t\t<\/div>\n\t\t<\/div>\n\t\t\t\t<div class=\"elementor-column elementor-col-50 elementor-inner-column elementor-element elementor-element-1a4a7879\" data-id=\"1a4a7879\" data-element_type=\"column\" data-e-type=\"column\">\n\t\t\t<div class=\"elementor-widget-wrap elementor-element-populated\">\n\t\t\t\t\t\t<div class=\"elementor-element elementor-element-75d5a3e6 elementor-position-left elementor-view-default elementor-widget elementor-widget-themo-service-block\" data-id=\"75d5a3e6\" data-element_type=\"widget\" data-e-type=\"widget\" data-widget_type=\"themo-service-block.default\">\n\t\t\t\t<div class=\"elementor-widget-container\">\n\t\t\t\t\t\t\t<div class=\"th-service-block-w\">\n            <div class=\"elementor-icon-box-wrapper th-show-icon\">\n                                    <div class=\"elementor-icon-box-icon th-icon-size-sm\">\n                        <span class=\"elementor-icon \" >\n                                                    <\/span>\n                    <\/div>\n                                <div class=\"elementor-icon-box-content\">\n                    <h5 class=\"elementor-icon-box-title\">\n                        <span >Pool<\/span>\n                    <\/h5>\n                    <p class=\"elementor-icon-box-description\">Die neu gestaltete Poolanlage mit den Pool-Liegen im Flachwasserbereich verf\u00fchrt zum Langzeit-Faulenzen.<\/p>\n                <\/div>\n            <\/div>\n\n        <\/div>\n\n\t\t\t\t\t\t<\/div>\n\t\t\t\t<\/div>\n\t\t\t\t\t<\/div>\n\t\t<\/div>\n\t\t\t\t\t<\/div>\n\t\t<\/section>\n\t\t\t\t<section class=\"elementor-section elementor-inner-section elementor-element elementor-element-1d1daf0d elementor-section-boxed elementor-section-height-default elementor-section-height-default\" data-id=\"1d1daf0d\" data-element_type=\"section\" data-e-type=\"section\">\n\t\t\t\t\t\t<div class=\"elementor-container elementor-column-gap-wider\">\n\t\t\t\t\t<div class=\"elementor-column elementor-col-50 elementor-inner-column elementor-element elementor-element-2c8a34c9\" data-id=\"2c8a34c9\" data-element_type=\"column\" data-e-type=\"column\">\n\t\t\t<div class=\"elementor-widget-wrap elementor-element-populated\">\n\t\t\t\t\t\t<div class=\"elementor-element elementor-element-b4a7656 elementor-position-left elementor-view-default elementor-widget elementor-widget-themo-service-block\" data-id=\"b4a7656\" data-element_type=\"widget\" data-e-type=\"widget\" data-widget_type=\"themo-service-block.default\">\n\t\t\t\t<div class=\"elementor-widget-container\">\n\t\t\t\t\t\t\t<div class=\"th-service-block-w\">\n            <div class=\"elementor-icon-box-wrapper th-show-icon\">\n                                    <div class=\"elementor-icon-box-icon th-icon-size-sm\">\n                        <span class=\"elementor-icon \" >\n                                                    <\/span>\n                    <\/div>\n                                <div class=\"elementor-icon-box-content\">\n                    <h5 class=\"elementor-icon-box-title\">\n                        <span >Daybeds<\/span>\n                    <\/h5>\n                    <p class=\"elementor-icon-box-description\">Die im Garten verteilten bequemen Tipi-Beds und Daybeds sind perfekt zum Entspannen. Hier f\u00fchlt man sich wie Gott in Griechenland.<\/p>\n                <\/div>\n            <\/div>\n\n        <\/div>\n\n\t\t\t\t\t\t<\/div>\n\t\t\t\t<\/div>\n\t\t\t\t\t<\/div>\n\t\t<\/div>\n\t\t\t\t<div class=\"elementor-column elementor-col-50 elementor-inner-column elementor-element elementor-element-97f33a6\" data-id=\"97f33a6\" data-element_type=\"column\" data-e-type=\"column\">\n\t\t\t<div class=\"elementor-widget-wrap elementor-element-populated\">\n\t\t\t\t\t\t<div class=\"elementor-element elementor-element-28e6596b elementor-position-left elementor-view-default elementor-widget elementor-widget-themo-service-block\" data-id=\"28e6596b\" data-element_type=\"widget\" data-e-type=\"widget\" data-widget_type=\"themo-service-block.default\">\n\t\t\t\t<div class=\"elementor-widget-container\">\n\t\t\t\t\t\t\t<div class=\"th-service-block-w\">\n            <div class=\"elementor-icon-box-wrapper th-show-icon\">\n                                    <div class=\"elementor-icon-box-icon th-icon-size-sm\">\n                        <span class=\"elementor-icon \" >\n                                                    <\/span>\n                    <\/div>\n                                <div class=\"elementor-icon-box-content\">\n                    <h5 class=\"elementor-icon-box-title\">\n                        <span >Massagen<\/span>\n                    <\/h5>\n                    <p class=\"elementor-icon-box-description\">F\u00fcr Ihr Wohlbefinden arrangieren wir Massagen und Wellnessbehandlungen, die Sie im Garten, im Schatten der Palmen und Olivenb\u00e4ume oder in der Privatsp\u00e4hre Ihres Zimmers genie\u00dfen k\u00f6nnen.<\/p>\n                <\/div>\n            <\/div>\n\n        <\/div>\n\n\t\t\t\t\t\t<\/div>\n\t\t\t\t<\/div>\n\t\t\t\t\t<\/div>\n\t\t<\/div>\n\t\t\t\t\t<\/div>\n\t\t<\/section>\n\t\t\t\t\t<\/div>\n\t\t<\/div>\n\t\t\t\t\t<\/div>\n\t\t<\/section>\n\t\t\t\t<section class=\"elementor-section elementor-top-section elementor-element elementor-element-3aa5c9b8 elementor-section-boxed elementor-section-height-default elementor-section-height-default\" data-id=\"3aa5c9b8\" data-element_type=\"section\" data-e-type=\"section\" data-settings=\"{&quot;background_background&quot;:&quot;gradient&quot;}\">\n\t\t\t\t\t\t<div class=\"elementor-container elementor-column-gap-wider\">\n\t\t\t\t\t<div class=\"elementor-column elementor-col-100 elementor-top-column elementor-element elementor-element-26703b42\" data-id=\"26703b42\" data-element_type=\"column\" data-e-type=\"column\">\n\t\t\t<div class=\"elementor-widget-wrap elementor-element-populated\">\n\t\t\t\t\t\t<div class=\"elementor-element elementor-element-30f3d586 elementor-view-default elementor-position-top elementor-widget elementor-widget-themo-header\" data-id=\"30f3d586\" data-element_type=\"widget\" data-e-type=\"widget\" data-widget_type=\"themo-header.default\">\n\t\t\t\t<div class=\"elementor-widget-container\">\n\t\t\t\t\t\t\t<div class=\"th-header-wrap\">\n        <div class=\"elementor-icon-box-wrapper \">\n                            <div class=\"elementor-icon-box-content\">\n                    <h3 class=\"elementor-icon-box-title\">\n                        Wir bringen Ihnen das Wohlbefinden direkt in ihrem Zimmer.                    <\/h3>\n                                        <p class=\"elementor-icon-box-description\"><\/p>\n\n                                    <\/div>\n            <\/div>\n\n        <\/div>\n\n\t\t\t\t\t\t<\/div>\n\t\t\t\t<\/div>\n\t\t\t\t\t<\/div>\n\t\t<\/div>\n\t\t\t\t\t<\/div>\n\t\t<\/section>\n\t\t\t\t<\/div>\n\t\t","protected":false},"excerpt":{"rendered":"<p>IM EINKLANG MIT DER NATUR GROSSER GARTEN In unserem Garten mit Liegest\u00fchlen und Lounge-M\u00f6beln k\u00f6nnen Sie so richtig entspannen. Zur\u00fcck Weiter AUF EINEN BLICK Gartenwelt Die weitl\u00e4ufige park\u00e4hnliche Gartenanlage bietet viele Ruhezonen und ist mit all ihren exotischen Pflanzen ein &hellip; <a href=\"https:\/\/hotelnefeli.com\/de\/garten\/\">Read More<\/a><\/p>\n","protected":false},"author":1,"featured_media":0,"parent":0,"menu_order":103,"comment_status":"closed","ping_status":"closed","template":"","meta":{"footnotes":""},"class_list":["post-1501","page","type-page","status-publish","hentry"],"_links":{"self":[{"href":"https:\/\/hotelnefeli.com\/de\/wp-json\/wp\/v2\/pages\/1501","targetHints":{"allow":["GET"]}}],"collection":[{"href":"https:\/\/hotelnefeli.com\/de\/wp-json\/wp\/v2\/pages"}],"about":[{"href":"https:\/\/hotelnefeli.com\/de\/wp-json\/wp\/v2\/types\/page"}],"author":[{"embeddable":true,"href":"https:\/\/hotelnefeli.com\/de\/wp-json\/wp\/v2\/users\/1"}],"replies":[{"embeddable":true,"href":"https:\/\/hotelnefeli.com\/de\/wp-json\/wp\/v2\/comments?post=1501"}],"version-history":[{"count":10,"href":"https:\/\/hotelnefeli.com\/de\/wp-json\/wp\/v2\/pages\/1501\/revisions"}],"predecessor-version":[{"id":2996,"href":"https:\/\/hotelnefeli.com\/de\/wp-json\/wp\/v2\/pages\/1501\/revisions\/2996"}],"wp:attachment":[{"href":"https:\/\/hotelnefeli.com\/de\/wp-json\/wp\/v2\/media?parent=1501"}],"curies":[{"name":"wp","href":"https:\/\/api.w.org\/{rel}","templated":true}]}}